{"id":2977,"date":"2024-07-29T13:41:50","date_gmt":"2024-07-29T17:41:50","guid":{"rendered":"http:\/\/mezzati.do\/?post_type=product&#038;p=2977"},"modified":"2025-06-02T11:39:17","modified_gmt":"2025-06-02T15:39:17","slug":"sillas-bar-4","status":"publish","type":"product","link":"https:\/\/casatempo.do\/es\/producto\/sillas-bar-4\/","title":{"rendered":"Sillas Bar"},"content":{"rendered":"<p>Megan se describe como una belleza sofisticada, mezcla de suavidad y modernidad, as\u00ed como t\u00e9cnicas de producci\u00f3n contempor\u00e1neas, que revelan detalles y clase altamente refinados. Estructura de madera, asiento y respaldo en contrachapado anat\u00f3mico laminado en madera natural (canela). Asiento y respaldo tapizados.<\/p>\n<p>Acabado Amendoa-I-24<\/p>\n","protected":false},"excerpt":{"rendered":"<p>Megan se describe como una belleza sofisticada, mezcla de suavidad y modernidad, as\u00ed como t\u00e9cnicas de producci\u00f3n contempor\u00e1neas, que revelan detalles y clase altamente refinados. Estructura de madera, asiento y respaldo en contrachapado anat\u00f3mico laminado en madera natural (canela). Asiento y respaldo tapizados. Acabado Amendoa-I-24<\/p>\n","protected":false},"featured_media":2978,"comment_status":"open","ping_status":"closed","template":"","meta":{"site-sidebar-layout":"default","site-content-layout":"default","ast-site-content-layout":"default","site-content-style":"default","site-sidebar-style":"default","ast-global-header-display":"","ast-banner-title-visibility":"","ast-main-header-display":"","ast-hfb-above-header-display":"","ast-hfb-below-header-display":"","ast-hfb-mobile-header-display":"","site-post-title":"","ast-breadcrumbs-content":"","ast-featured-img":"","footer-sml-layout":"","ast-disable-related-posts":"","theme-transparent-header-meta":"default","adv-header-id-meta":"","stick-header-meta":"","header-above-stick-meta":"","header-main-stick-meta":"","header-below-stick-meta":"","astra-migrate-meta-layouts":"set","ast-page-background-enabled":"default","ast-page-background-meta":{"desktop":{"background-color":"","background-image":"","background-repeat":"repeat","background-position":"center center","background-size":"auto","background-attachment":"scroll","background-type":"","background-media":"","overlay-type":"","overlay-color":"","overlay-opacity":"","overlay-gradient":""},"tablet":{"background-color":"","background-image":"","background-repeat":"repeat","background-position":"center center","background-size":"auto","background-attachment":"scroll","background-type":"","background-media":"","overlay-type":"","overlay-color":"","overlay-opacity":"","overlay-gradient":""},"mobile":{"background-color":"","background-image":"","background-repeat":"repeat","background-position":"center center","background-size":"auto","background-attachment":"scroll","background-type":"","background-media":"","overlay-type":"","overlay-color":"","overlay-opacity":"","overlay-gradient":""}},"ast-content-background-meta":{"desktop":{"background-color":"var(--ast-global-color-5)","background-image":"","background-repeat":"repeat","background-position":"center center","background-size":"auto","background-attachment":"scroll","background-type":"","background-media":"","overlay-type":"","overlay-color":"","overlay-opacity":"","overlay-gradient":""},"tablet":{"background-color":"var(--ast-global-color-5)","background-image":"","background-repeat":"repeat","background-position":"center center","background-size":"auto","background-attachment":"scroll","background-type":"","background-media":"","overlay-type":"","overlay-color":"","overlay-opacity":"","overlay-gradient":""},"mobile":{"background-color":"var(--ast-global-color-5)","background-image":"","background-repeat":"repeat","background-position":"center center","background-size":"auto","background-attachment":"scroll","background-type":"","background-media":"","overlay-type":"","overlay-color":"","overlay-opacity":"","overlay-gradient":""}}},"product_brand":[],"product_cat":[43,111],"product_tag":[],"class_list":{"0":"post-2977","1":"product","2":"type-product","3":"status-publish","4":"has-post-thumbnail","6":"product_cat-comedor","7":"product_cat-sillas-bar-comedor","8":"desktop-align-left","9":"tablet-align-left","10":"mobile-align-left","12":"first","13":"instock","14":"taxable","15":"shipping-taxable","16":"purchasable","17":"product-type-simple"},"_links":{"self":[{"href":"https:\/\/casatempo.do\/es\/wp-json\/wp\/v2\/product\/2977","targetHints":{"allow":["GET"]}}],"collection":[{"href":"https:\/\/casatempo.do\/es\/wp-json\/wp\/v2\/product"}],"about":[{"href":"https:\/\/casatempo.do\/es\/wp-json\/wp\/v2\/types\/product"}],"replies":[{"embeddable":true,"href":"https:\/\/casatempo.do\/es\/wp-json\/wp\/v2\/comments?post=2977"}],"version-history":[{"count":2,"href":"https:\/\/casatempo.do\/es\/wp-json\/wp\/v2\/product\/2977\/revisions"}],"predecessor-version":[{"id":3497,"href":"https:\/\/casatempo.do\/es\/wp-json\/wp\/v2\/product\/2977\/revisions\/3497"}],"wp:featuredmedia":[{"embeddable":true,"href":"https:\/\/casatempo.do\/es\/wp-json\/wp\/v2\/media\/2978"}],"wp:attachment":[{"href":"https:\/\/casatempo.do\/es\/wp-json\/wp\/v2\/media?parent=2977"}],"wp:term":[{"taxonomy":"product_brand","embeddable":true,"href":"https:\/\/casatempo.do\/es\/wp-json\/wp\/v2\/product_brand?post=2977"},{"taxonomy":"product_cat","embeddable":true,"href":"https:\/\/casatempo.do\/es\/wp-json\/wp\/v2\/product_cat?post=2977"},{"taxonomy":"product_tag","embeddable":true,"href":"https:\/\/casatempo.do\/es\/wp-json\/wp\/v2\/product_tag?post=2977"}],"curies":[{"name":"wp","href":"https:\/\/api.w.org\/{rel}","templated":true}]}}