{"id":2904,"date":"2024-07-29T11:50:57","date_gmt":"2024-07-29T15:50:57","guid":{"rendered":"http:\/\/mezzati.do\/?post_type=product&#038;p=2904"},"modified":"2024-11-01T11:53:02","modified_gmt":"2024-11-01T15:53:02","slug":"mesa-p-comedor-6","status":"publish","type":"product","link":"https:\/\/casatempo.do\/es\/producto\/mesa-p-comedor-6\/","title":{"rendered":"Mesa P\/Comedor"},"content":{"rendered":"<p>Eminente mesa de tope fino, elegante y con una base formada por una sucesi\u00f3n de piezas de madera maciza que llaman la atenci\u00f3n y recuerdan verdaderamente al movimiento. Invita a apreciar la pieza desde todos los \u00e1ngulos que ofrece, volvi\u00e9ndola din\u00e1mica para la vista.<\/p>\n<p>Acabado Amendoa- Fendi<\/p>\n","protected":false},"excerpt":{"rendered":"<p>Eminente mesa de tope fino, elegante y con una base formada por una sucesi\u00f3n de piezas de madera maciza que llaman la atenci\u00f3n y recuerdan verdaderamente al movimiento. Invita a apreciar la pieza desde todos los \u00e1ngulos que ofrece, volvi\u00e9ndola din\u00e1mica para la vista. Acabado Amendoa- Fendi<\/p>\n","protected":false},"featured_media":2905,"comment_status":"open","ping_status":"closed","template":"","meta":{"site-sidebar-layout":"default","site-content-layout":"default","ast-site-content-layout":"default","site-content-style":"default","site-sidebar-style":"default","ast-global-header-display":"","ast-banner-title-visibility":"","ast-main-header-display":"","ast-hfb-above-header-display":"","ast-hfb-below-header-display":"","ast-hfb-mobile-header-display":"","site-post-title":"","ast-breadcrumbs-content":"","ast-featured-img":"","footer-sml-layout":"","ast-disable-related-posts":"","theme-transparent-header-meta":"default","adv-header-id-meta":"","stick-header-meta":"","header-above-stick-meta":"","header-main-stick-meta":"","header-below-stick-meta":"","astra-migrate-meta-layouts":"default","ast-page-background-enabled":"default","ast-page-background-meta":{"desktop":{"background-color":"","background-image":"","background-repeat":"repeat","background-position":"center center","background-size":"auto","background-attachment":"scroll","background-type":"","background-media":"","overlay-type":"","overlay-color":"","overlay-opacity":"","overlay-gradient":""},"tablet":{"background-color":"","background-image":"","background-repeat":"repeat","background-position":"center center","background-size":"auto","background-attachment":"scroll","background-type":"","background-media":"","overlay-type":"","overlay-color":"","overlay-opacity":"","overlay-gradient":""},"mobile":{"background-color":"","background-image":"","background-repeat":"repeat","background-position":"center center","background-size":"auto","background-attachment":"scroll","background-type":"","background-media":"","overlay-type":"","overlay-color":"","overlay-opacity":"","overlay-gradient":""}},"ast-content-background-meta":{"desktop":{"background-color":"var(--ast-global-color-5)","background-image":"","background-repeat":"repeat","background-position":"center center","background-size":"auto","background-attachment":"scroll","background-type":"","background-media":"","overlay-type":"","overlay-color":"","overlay-opacity":"","overlay-gradient":""},"tablet":{"background-color":"var(--ast-global-color-5)","background-image":"","background-repeat":"repeat","background-position":"center center","background-size":"auto","background-attachment":"scroll","background-type":"","background-media":"","overlay-type":"","overlay-color":"","overlay-opacity":"","overlay-gradient":""},"mobile":{"background-color":"var(--ast-global-color-5)","background-image":"","background-repeat":"repeat","background-position":"center center","background-size":"auto","background-attachment":"scroll","background-type":"","background-media":"","overlay-type":"","overlay-color":"","overlay-opacity":"","overlay-gradient":""}}},"product_brand":[],"product_cat":[43,100],"product_tag":[],"class_list":{"0":"post-2904","1":"product","2":"type-product","3":"status-publish","4":"has-post-thumbnail","6":"product_cat-comedor","7":"product_cat-mesas-p-comedor","8":"desktop-align-left","9":"tablet-align-left","10":"mobile-align-left","12":"first","13":"instock","14":"taxable","15":"shipping-taxable","16":"purchasable","17":"product-type-simple"},"_links":{"self":[{"href":"https:\/\/casatempo.do\/es\/wp-json\/wp\/v2\/product\/2904","targetHints":{"allow":["GET"]}}],"collection":[{"href":"https:\/\/casatempo.do\/es\/wp-json\/wp\/v2\/product"}],"about":[{"href":"https:\/\/casatempo.do\/es\/wp-json\/wp\/v2\/types\/product"}],"replies":[{"embeddable":true,"href":"https:\/\/casatempo.do\/es\/wp-json\/wp\/v2\/comments?post=2904"}],"version-history":[{"count":3,"href":"https:\/\/casatempo.do\/es\/wp-json\/wp\/v2\/product\/2904\/revisions"}],"predecessor-version":[{"id":3488,"href":"https:\/\/casatempo.do\/es\/wp-json\/wp\/v2\/product\/2904\/revisions\/3488"}],"wp:featuredmedia":[{"embeddable":true,"href":"https:\/\/casatempo.do\/es\/wp-json\/wp\/v2\/media\/2905"}],"wp:attachment":[{"href":"https:\/\/casatempo.do\/es\/wp-json\/wp\/v2\/media?parent=2904"}],"wp:term":[{"taxonomy":"product_brand","embeddable":true,"href":"https:\/\/casatempo.do\/es\/wp-json\/wp\/v2\/product_brand?post=2904"},{"taxonomy":"product_cat","embeddable":true,"href":"https:\/\/casatempo.do\/es\/wp-json\/wp\/v2\/product_cat?post=2904"},{"taxonomy":"product_tag","embeddable":true,"href":"https:\/\/casatempo.do\/es\/wp-json\/wp\/v2\/product_tag?post=2904"}],"curies":[{"name":"wp","href":"https:\/\/api.w.org\/{rel}","templated":true}]}}