{"id":2879,"date":"2024-07-29T11:10:05","date_gmt":"2024-07-29T15:10:05","guid":{"rendered":"http:\/\/mezzati.do\/?post_type=product&#038;p=2879"},"modified":"2025-01-28T14:15:33","modified_gmt":"2025-01-28T18:15:33","slug":"mesa-de-centro","status":"publish","type":"product","link":"https:\/\/casatempo.do\/es\/producto\/mesa-de-centro\/","title":{"rendered":"Mesa de Centro"},"content":{"rendered":"<p>La gran diferencia de la mesa Venita es el dise\u00f1o del tope que act\u00faa desplaz\u00e1ndose de la base de apoyo, proponiendo la idea de suspensi\u00f3n y desequilibrio, dando como resultado un mueble atractivo, informal y elegante. A\u00fan as\u00ed cumple su funci\u00f3n impecablemente con estabilidad y seguridad. Fabricada \u00edntegramente en MDF revestido con chapa de Chinawood natural. Es posible componer la tapa en laqueado para crear contraste entre las piezas.<\/p>\n<p>Acabado Imbuia-Fendi<\/p>\n","protected":false},"excerpt":{"rendered":"<p>La gran diferencia de la mesa Venita es el dise\u00f1o del tope que act\u00faa desplaz\u00e1ndose de la base de apoyo, proponiendo la idea de suspensi\u00f3n y desequilibrio, dando como resultado un mueble atractivo, informal y elegante. A\u00fan as\u00ed cumple su funci\u00f3n impecablemente con estabilidad y seguridad. Fabricada \u00edntegramente en MDF revestido con chapa de Chinawood [&hellip;]<\/p>\n","protected":false},"featured_media":3727,"comment_status":"open","ping_status":"closed","template":"","meta":{"site-sidebar-layout":"default","site-content-layout":"default","ast-site-content-layout":"default","site-content-style":"default","site-sidebar-style":"default","ast-global-header-display":"","ast-banner-title-visibility":"","ast-main-header-display":"","ast-hfb-above-header-display":"","ast-hfb-below-header-display":"","ast-hfb-mobile-header-display":"","site-post-title":"","ast-breadcrumbs-content":"","ast-featured-img":"","footer-sml-layout":"","ast-disable-related-posts":"","theme-transparent-header-meta":"default","adv-header-id-meta":"","stick-header-meta":"","header-above-stick-meta":"","header-main-stick-meta":"","header-below-stick-meta":"","astra-migrate-meta-layouts":"set","ast-page-background-enabled":"default","ast-page-background-meta":{"desktop":{"background-color":"","background-image":"","background-repeat":"repeat","background-position":"center center","background-size":"auto","background-attachment":"scroll","background-type":"","background-media":"","overlay-type":"","overlay-color":"","overlay-opacity":"","overlay-gradient":""},"tablet":{"background-color":"","background-image":"","background-repeat":"repeat","background-position":"center center","background-size":"auto","background-attachment":"scroll","background-type":"","background-media":"","overlay-type":"","overlay-color":"","overlay-opacity":"","overlay-gradient":""},"mobile":{"background-color":"","background-image":"","background-repeat":"repeat","background-position":"center center","background-size":"auto","background-attachment":"scroll","background-type":"","background-media":"","overlay-type":"","overlay-color":"","overlay-opacity":"","overlay-gradient":""}},"ast-content-background-meta":{"desktop":{"background-color":"var(--ast-global-color-5)","background-image":"","background-repeat":"repeat","background-position":"center center","background-size":"auto","background-attachment":"scroll","background-type":"","background-media":"","overlay-type":"","overlay-color":"","overlay-opacity":"","overlay-gradient":""},"tablet":{"background-color":"var(--ast-global-color-5)","background-image":"","background-repeat":"repeat","background-position":"center center","background-size":"auto","background-attachment":"scroll","background-type":"","background-media":"","overlay-type":"","overlay-color":"","overlay-opacity":"","overlay-gradient":""},"mobile":{"background-color":"var(--ast-global-color-5)","background-image":"","background-repeat":"repeat","background-position":"center center","background-size":"auto","background-attachment":"scroll","background-type":"","background-media":"","overlay-type":"","overlay-color":"","overlay-opacity":"","overlay-gradient":""}}},"product_brand":[],"product_cat":[31,23],"product_tag":[],"class_list":{"0":"post-2879","1":"product","2":"type-product","3":"status-publish","4":"has-post-thumbnail","6":"product_cat-mesas-de-centro","7":"product_cat-sala","8":"desktop-align-left","9":"tablet-align-left","10":"mobile-align-left","12":"first","13":"instock","14":"taxable","15":"shipping-taxable","16":"purchasable","17":"product-type-simple"},"_links":{"self":[{"href":"https:\/\/casatempo.do\/es\/wp-json\/wp\/v2\/product\/2879","targetHints":{"allow":["GET"]}}],"collection":[{"href":"https:\/\/casatempo.do\/es\/wp-json\/wp\/v2\/product"}],"about":[{"href":"https:\/\/casatempo.do\/es\/wp-json\/wp\/v2\/types\/product"}],"replies":[{"embeddable":true,"href":"https:\/\/casatempo.do\/es\/wp-json\/wp\/v2\/comments?post=2879"}],"version-history":[{"count":3,"href":"https:\/\/casatempo.do\/es\/wp-json\/wp\/v2\/product\/2879\/revisions"}],"predecessor-version":[{"id":3495,"href":"https:\/\/casatempo.do\/es\/wp-json\/wp\/v2\/product\/2879\/revisions\/3495"}],"wp:featuredmedia":[{"embeddable":true,"href":"https:\/\/casatempo.do\/es\/wp-json\/wp\/v2\/media\/3727"}],"wp:attachment":[{"href":"https:\/\/casatempo.do\/es\/wp-json\/wp\/v2\/media?parent=2879"}],"wp:term":[{"taxonomy":"product_brand","embeddable":true,"href":"https:\/\/casatempo.do\/es\/wp-json\/wp\/v2\/product_brand?post=2879"},{"taxonomy":"product_cat","embeddable":true,"href":"https:\/\/casatempo.do\/es\/wp-json\/wp\/v2\/product_cat?post=2879"},{"taxonomy":"product_tag","embeddable":true,"href":"https:\/\/casatempo.do\/es\/wp-json\/wp\/v2\/product_tag?post=2879"}],"curies":[{"name":"wp","href":"https:\/\/api.w.org\/{rel}","templated":true}]}}